{"id":206467,"date":"2019-01-25T14:32:05","date_gmt":"2019-01-25T13:32:05","guid":{"rendered":"https:\/\/www.liegesport.be\/figezlesport\/?page_id=206467"},"modified":"2019-01-28T12:48:44","modified_gmt":"2019-01-28T11:48:44","slug":"privacy-policy","status":"publish","type":"page","link":"https:\/\/www.liegesport.be\/figezlesport\/privacy-policy\/","title":{"rendered":"Privacy Policy"},"content":{"rendered":"<p>[et_pb_section fb_built=&#8221;1&#8243; _builder_version=&#8221;3.0.47&#8243;][et_pb_row _builder_version=&#8221;3.0.48&#8243; background_size=&#8221;initial&#8221; background_position=&#8221;top_left&#8221; background_repeat=&#8221;repeat&#8221;][et_pb_column type=&#8221;4_4&#8243; _builder_version=&#8221;3.0.47&#8243; parallax=&#8221;off&#8221; parallax_method=&#8221;on&#8221;][et_pb_text _builder_version=&#8221;3.19.7&#8243; header_font=&#8221;||||||||&#8221; header_2_font=&#8221;||||||||&#8221; header_2_text_color=&#8221;#df0038&#8243; header_2_font_size=&#8221;50px&#8221; header_3_font=&#8221;||||||||&#8221; header_3_text_color=&#8221;#920f30&#8243; header_3_font_size=&#8221;30px&#8221; background_size=&#8221;initial&#8221; background_position=&#8221;top_left&#8221; background_repeat=&#8221;repeat&#8221; header_2_text_align=&#8221;center&#8221; header_2_line_height=&#8221;1.3em&#8221; header_3_line_height=&#8221;1.3em&#8221;]<\/p>\n<h2><\/h2>\n<h2>Politique de confidentialit\u00e9.<\/h2>\n<p>&nbsp;<\/p>\n<p>&nbsp;<\/p>\n<h3>Introduction<\/h3>\n<p>Devant le d\u00e9veloppement des nouveaux outils de communication, il est n\u00e9cessaire de porter une attention particuli\u00e8re \u00e0 la protection de la vie priv\u00e9e. C\u2019est pourquoi, nous nous engageons \u00e0 respecter la confidentialit\u00e9 des renseignements personnels que nous collectons.<\/p>\n<h3>Collecte des renseignements personnels<\/h3>\n<p>Nous collectons les renseignements suivants :<\/p>\n<ul>\n<li>Nom<\/li>\n<li>Pr\u00e9nom<\/li>\n<li>Adresse \u00e9lectronique<\/li>\n<li>Genre \/ Sexe<\/li>\n<li>\u00c2ge \/ Date de naissance<\/li>\n<li>Adresse physique<\/li>\n<li>Num\u00e9ro d&#8217;appel<\/li>\n<\/ul>\n<p>Les renseignements personnels que nous collectons sont recueillis au travers de formulaires et gr\u00e2ce \u00e0 l\u2019interactivit\u00e9 \u00e9tablie entre vous et notre site Web. Nous utilisons \u00e9galement, comme indiqu\u00e9 dans la section suivante, des fichiers t\u00e9moins et\/ou journaux pour r\u00e9unir des informations vous concernant.<\/p>\n<h3>Formulaires et interactivit\u00e9:<\/h3>\n<p>Vos renseignements personnels sont collect\u00e9s par le biais de formulaires, \u00e0 savoir :<\/p>\n<ul>\n<li>Formulaire d\u2019inscription au site Web<\/li>\n<li>Formulaire de commande<\/li>\n<li>Concours<\/li>\n<\/ul>\n<p>Nous utilisons les renseignements ainsi collect\u00e9s pour les finalit\u00e9s suivantes :<\/p>\n<ul>\n<li>Informations \/ Offres promotionnelles non commerciales<\/li>\n<li>Contact<\/li>\n<li>Gestion du site Web (pr\u00e9sentation, organisation)<\/li>\n<\/ul>\n<p>Vos renseignements sont \u00e9galement collect\u00e9s par le biais de l\u2019interactivit\u00e9 pouvant s\u2019\u00e9tablir entre vous et notre site Web et ce, de la fa\u00e7on suivante:<\/p>\n<ul>\n<li>Contact<\/li>\n<li>Gestion du site Web (pr\u00e9sentation, organisation)<\/li>\n<li>Nous utilisons les renseignements ainsi collect\u00e9s pour les finalit\u00e9s suivantes :<\/li>\n<li>Forum ou aire de discussion<\/li>\n<li>Commentaires<\/li>\n<li>Correspondance<\/li>\n<li>Informations \/ offres promotionnelles non commerciales<\/li>\n<li>Droit d\u2019opposition et de retrait<\/li>\n<\/ul>\n<p>Nous nous engageons \u00e0 vous offrir un droit d\u2019opposition et de retrait quant \u00e0 vos renseignements personnels.<\/p>\n<p>Le droit d\u2019opposition s\u2019entend comme \u00e9tant la possiblit\u00e9 offerte aux internautes de refuser que leurs renseignements personnels soient utilis\u00e9es \u00e0 certaines fins mentionn\u00e9es lors de la collecte.<br \/> Le droit de retrait s\u2019entend comme \u00e9tant la possiblit\u00e9 offerte aux internautes de demander \u00e0 ce que leurs renseignements personnels ne figurent plus, par exemple, dans une liste de diffusion.<br \/> Pour pouvoir exercer ces droits, vous pouvez nous contacter:<br \/> Adresse : Rue des Mineurs 17, Li\u00e8ge 4000<br \/> Courriel : pierreforlin@liegesport.be<br \/> T\u00e9l\u00e9phone : 003242231634<br \/> Section du site web :<span>\u00a0<\/span><a href=\"http:\/\/www.liegesport.be\/contact\">http:\/\/www.liegesport.be\/contact<\/a><\/p>\n<p>Droit d\u2019acc\u00e8s<\/p>\n<p>Nous nous engageons \u00e0 reconna\u00eetre un droit d\u2019acc\u00e8s et de rectification aux personnes concern\u00e9es d\u00e9sireuses de consulter, modifier, voire radier les informations les concernant.<br \/> L\u2019exercice de ce droit se fera :<br \/> Adresse : Rue des Mineurs 17, Li\u00e8ge 4000<br \/> Courriel : pierreforlin@liegesport.be<br \/> T\u00e9l\u00e9phone : 003242231634<br \/> Section du site web :<span>\u00a0<\/span><a href=\"https:\/\/www.liegesport.be\/figezlesport\/profile\/\">http:\/\/www.liegesport.be\/contact<\/a><\/p>\n<h3>S\u00e9curit\u00e9<\/h3>\n<p>Les renseignements personnels que nous collectons sont conserv\u00e9s dans un environnement s\u00e9curis\u00e9. Les personnes travaillant pour nous sont tenues de respecter la confidentialit\u00e9 de vos informations.<br \/> Pour assurer la s\u00e9curit\u00e9 de vos renseignements personnels, nous avons recours aux mesures suivantes :<\/p>\n<p>Protocole SSL (Secure Sockets Layer)<br \/> Gestion des acc\u00e8s \u2013 personne autoris\u00e9e<br \/> Gestion des acc\u00e8s \u2013 personne concern\u00e9e<br \/> Logiciel de surveillance du r\u00e9seau<br \/> Sauvegarde informatique<br \/> Identifiant \/ mot de passe<br \/> Pare-feu (Firewalls)<\/p>\n<p>Nous nous engageons \u00e0 maintenir un haut degr\u00e9 de confidentialit\u00e9 en int\u00e9grant les derni\u00e8res innovations technologiques permettant d\u2019assurer la confidentialit\u00e9 de vos transactions. Toutefois, comme aucun m\u00e9canisme n\u2019offre une s\u00e9curit\u00e9 maximale, une part de risque est toujours pr\u00e9sente lorsque l\u2019on utilise Internet pour transmettre des renseignements personnels.<\/p>\n<p>Nous nous engageons \u00e0 respecter les dispositions l\u00e9gislatives \u00e9nonc\u00e9es dans le droit belge.<\/p>\n<p>[\/et_pb_text][\/et_pb_column][\/et_pb_row][\/et_pb_section]<\/p>\n","protected":false},"excerpt":{"rendered":"<p>Politique de confidentialit\u00e9. &nbsp; &nbsp; Introduction Devant le d\u00e9veloppement des nouveaux outils de communication, il est n\u00e9cessaire de porter une attention particuli\u00e8re \u00e0 la protection de la vie priv\u00e9e. C\u2019est pourquoi, nous nous engageons \u00e0 respecter la confidentialit\u00e9 des renseignements personnels que nous collectons. Collecte des renseignements personnels Nous collectons les renseignements suivants : Nom [&hellip;]<\/p>\n","protected":false},"author":1,"featured_media":0,"parent":0,"menu_order":0,"comment_status":"closed","ping_status":"closed","template":"","meta":{"_et_pb_use_builder":"on","_et_pb_old_content":"<h2>Who we are<\/h2><p>Our website address is: http:\/\/www.liegesport.be\/Community.<\/p><h2>What personal data we collect and why we collect it<\/h2><h3>Comments<\/h3><p>When visitors leave comments on the site we collect the data shown in the comments form, and also the visitor\u2019s IP address and browser user agent string to help spam detection.<\/p><p>An anonymized string created from your email address (also called a hash) may be provided to the Gravatar service to see if you are using it. The Gravatar service privacy policy is available here: https:\/\/automattic.com\/privacy\/. After approval of your comment, your profile picture is visible to the public in the context of your comment.<\/p><h3>Media<\/h3><p>If you upload images to the website, you should avoid uploading images with embedded location data (EXIF GPS) included. Visitors to the website can download and extract any location data from images on the website.<\/p><h3>Contact forms<\/h3><h3>Cookies<\/h3><p>If you leave a comment on our site you may opt-in to saving your name, email address and website in cookies. These are for your convenience so that you do not have to fill in your details again when you leave another comment. These cookies will last for one year.<\/p><p>If you have an account and you log in to this site, we will set a temporary cookie to determine if your browser accepts cookies. This cookie contains no personal data and is discarded when you close your browser.<\/p><p>When you log in, we will also set up several cookies to save your login information and your screen display choices. Login cookies last for two days, and screen options cookies last for a year. If you select \"Remember Me\", your login will persist for two weeks. If you log out of your account, the login cookies will be removed.<\/p><p>If you edit or publish an article, an additional cookie will be saved in your browser. This cookie includes no personal data and simply indicates the post ID of the article you just edited. It expires after 1 day.<\/p><h3>Embedded content from other websites<\/h3><p>Articles on this site may include embedded content (e.g. videos, images, articles, etc.). Embedded content from other websites behaves in the exact same way as if the visitor has visited the other website.<\/p><p>These websites may collect data about you, use cookies, embed additional third-party tracking, and monitor your interaction with that embedded content, including tracking your interaction with the embedded content if you have an account and are logged in to that website.<\/p><h3>Analytics<\/h3><h2>Who we share your data with<\/h2><h2>How long we retain your data<\/h2><p>If you leave a comment, the comment and its metadata are retained indefinitely. This is so we can recognize and approve any follow-up comments automatically instead of holding them in a moderation queue.<\/p><p>For users that register on our website (if any), we also store the personal information they provide in their user profile. All users can see, edit, or delete their personal information at any time (except they cannot change their username). Website administrators can also see and edit that information.<\/p><h2>What rights you have over your data<\/h2><p>If you have an account on this site, or have left comments, you can request to receive an exported file of the personal data we hold about you, including any data you have provided to us. You can also request that we erase any personal data we hold about you. This does not include any data we are obliged to keep for administrative, legal, or security purposes.<\/p><h2>Where we send your data<\/h2><p>Visitor comments may be checked through an automated spam detection service.<\/p><h2>Your contact information<\/h2><h2>Additional information<\/h2><h3>How we protect your data<\/h3><h3>What data breach procedures we have in place<\/h3><h3>What third parties we receive data from<\/h3><h3>What automated decision making and\/or profiling we do with user data<\/h3><h3>Industry regulatory disclosure requirements<\/h3>","_et_gb_content_width":"","_mi_skip_tracking":false,"_exactmetrics_sitenote_active":false,"_exactmetrics_sitenote_note":"","_exactmetrics_sitenote_category":0,"footnotes":""},"yoast_head":"<!-- This site is optimized with the Yoast SEO plugin v21.5 - https:\/\/yoast.com\/wordpress\/plugins\/seo\/ -->\n<title>Privacy Policy - Figez le sport !<\/title>\n<meta name=\"robots\" content=\"index, follow, max-snippet:-1, max-image-preview:large, max-video-preview:-1\" \/>\n<link rel=\"canonical\" href=\"https:\/\/www.liegesport.be\/figezlesport\/privacy-policy\/\" \/>\n<meta property=\"og:locale\" content=\"en_US\" \/>\n<meta property=\"og:type\" content=\"article\" \/>\n<meta property=\"og:title\" content=\"Privacy Policy - Figez le sport !\" \/>\n<meta property=\"og:description\" content=\"Politique de confidentialit\u00e9. &nbsp; &nbsp; Introduction Devant le d\u00e9veloppement des nouveaux outils de communication, il est n\u00e9cessaire de porter une attention particuli\u00e8re \u00e0 la protection de la vie priv\u00e9e. C\u2019est pourquoi, nous nous engageons \u00e0 respecter la confidentialit\u00e9 des renseignements personnels que nous collectons. Collecte des renseignements personnels Nous collectons les renseignements suivants : Nom [&hellip;]\" \/>\n<meta property=\"og:url\" content=\"https:\/\/www.liegesport.be\/figezlesport\/privacy-policy\/\" \/>\n<meta property=\"og:site_name\" content=\"Figez le sport !\" \/>\n<meta property=\"article:publisher\" content=\"https:\/\/www.facebook.com\/LiegeSport\/\" \/>\n<meta property=\"article:modified_time\" content=\"2019-01-28T11:48:44+00:00\" \/>\n<meta name=\"twitter:card\" content=\"summary_large_image\" \/>\n<meta name=\"twitter:label1\" content=\"Est. reading time\" \/>\n\t<meta name=\"twitter:data1\" content=\"3 minutes\" \/>\n<script type=\"application\/ld+json\" class=\"yoast-schema-graph\">{\"@context\":\"https:\/\/schema.org\",\"@graph\":[{\"@type\":\"WebPage\",\"@id\":\"https:\/\/www.liegesport.be\/figezlesport\/privacy-policy\/\",\"url\":\"https:\/\/www.liegesport.be\/figezlesport\/privacy-policy\/\",\"name\":\"Privacy Policy - Figez le sport !\",\"isPartOf\":{\"@id\":\"https:\/\/www.liegesport.be\/figezlesport\/#website\"},\"datePublished\":\"2019-01-25T13:32:05+00:00\",\"dateModified\":\"2019-01-28T11:48:44+00:00\",\"breadcrumb\":{\"@id\":\"https:\/\/www.liegesport.be\/figezlesport\/privacy-policy\/#breadcrumb\"},\"inLanguage\":\"en-US\",\"potentialAction\":[{\"@type\":\"ReadAction\",\"target\":[\"https:\/\/www.liegesport.be\/figezlesport\/privacy-policy\/\"]}]},{\"@type\":\"BreadcrumbList\",\"@id\":\"https:\/\/www.liegesport.be\/figezlesport\/privacy-policy\/#breadcrumb\",\"itemListElement\":[{\"@type\":\"ListItem\",\"position\":1,\"name\":\"Home\",\"item\":\"https:\/\/www.liegesport.be\/figezlesport\/\"},{\"@type\":\"ListItem\",\"position\":2,\"name\":\"Privacy Policy\"}]},{\"@type\":\"WebSite\",\"@id\":\"https:\/\/www.liegesport.be\/figezlesport\/#website\",\"url\":\"https:\/\/www.liegesport.be\/figezlesport\/\",\"name\":\"Figez le sport !\",\"description\":\"Concours photo sur le th\u00e8me du sport\",\"publisher\":{\"@id\":\"https:\/\/www.liegesport.be\/figezlesport\/#organization\"},\"potentialAction\":[{\"@type\":\"SearchAction\",\"target\":{\"@type\":\"EntryPoint\",\"urlTemplate\":\"https:\/\/www.liegesport.be\/figezlesport\/?s={search_term_string}\"},\"query-input\":\"required name=search_term_string\"}],\"inLanguage\":\"en-US\"},{\"@type\":\"Organization\",\"@id\":\"https:\/\/www.liegesport.be\/figezlesport\/#organization\",\"name\":\"Li\u00e8ge Sport Asbl\",\"url\":\"https:\/\/www.liegesport.be\/figezlesport\/\",\"logo\":{\"@type\":\"ImageObject\",\"inLanguage\":\"en-US\",\"@id\":\"https:\/\/www.liegesport.be\/figezlesport\/#\/schema\/logo\/image\/\",\"url\":\"https:\/\/www.liegesport.be\/figezlesport\/wp-content\/uploads\/2018\/05\/logo-liege-sport-color.png\",\"contentUrl\":\"https:\/\/www.liegesport.be\/figezlesport\/wp-content\/uploads\/2018\/05\/logo-liege-sport-color.png\",\"width\":2717,\"height\":1654,\"caption\":\"Li\u00e8ge Sport Asbl\"},\"image\":{\"@id\":\"https:\/\/www.liegesport.be\/figezlesport\/#\/schema\/logo\/image\/\"},\"sameAs\":[\"https:\/\/www.facebook.com\/LiegeSport\/\"]}]}<\/script>\n<!-- \/ Yoast SEO plugin. -->","yoast_head_json":{"title":"Privacy Policy - Figez le sport !","robots":{"index":"index","follow":"follow","max-snippet":"max-snippet:-1","max-image-preview":"max-image-preview:large","max-video-preview":"max-video-preview:-1"},"canonical":"https:\/\/www.liegesport.be\/figezlesport\/privacy-policy\/","og_locale":"en_US","og_type":"article","og_title":"Privacy Policy - Figez le sport !","og_description":"Politique de confidentialit\u00e9. &nbsp; &nbsp; Introduction Devant le d\u00e9veloppement des nouveaux outils de communication, il est n\u00e9cessaire de porter une attention particuli\u00e8re \u00e0 la protection de la vie priv\u00e9e. C\u2019est pourquoi, nous nous engageons \u00e0 respecter la confidentialit\u00e9 des renseignements personnels que nous collectons. Collecte des renseignements personnels Nous collectons les renseignements suivants : Nom [&hellip;]","og_url":"https:\/\/www.liegesport.be\/figezlesport\/privacy-policy\/","og_site_name":"Figez le sport !","article_publisher":"https:\/\/www.facebook.com\/LiegeSport\/","article_modified_time":"2019-01-28T11:48:44+00:00","twitter_card":"summary_large_image","twitter_misc":{"Est. reading time":"3 minutes"},"schema":{"@context":"https:\/\/schema.org","@graph":[{"@type":"WebPage","@id":"https:\/\/www.liegesport.be\/figezlesport\/privacy-policy\/","url":"https:\/\/www.liegesport.be\/figezlesport\/privacy-policy\/","name":"Privacy Policy - Figez le sport !","isPartOf":{"@id":"https:\/\/www.liegesport.be\/figezlesport\/#website"},"datePublished":"2019-01-25T13:32:05+00:00","dateModified":"2019-01-28T11:48:44+00:00","breadcrumb":{"@id":"https:\/\/www.liegesport.be\/figezlesport\/privacy-policy\/#breadcrumb"},"inLanguage":"en-US","potentialAction":[{"@type":"ReadAction","target":["https:\/\/www.liegesport.be\/figezlesport\/privacy-policy\/"]}]},{"@type":"BreadcrumbList","@id":"https:\/\/www.liegesport.be\/figezlesport\/privacy-policy\/#breadcrumb","itemListElement":[{"@type":"ListItem","position":1,"name":"Home","item":"https:\/\/www.liegesport.be\/figezlesport\/"},{"@type":"ListItem","position":2,"name":"Privacy Policy"}]},{"@type":"WebSite","@id":"https:\/\/www.liegesport.be\/figezlesport\/#website","url":"https:\/\/www.liegesport.be\/figezlesport\/","name":"Figez le sport !","description":"Concours photo sur le th\u00e8me du sport","publisher":{"@id":"https:\/\/www.liegesport.be\/figezlesport\/#organization"},"potentialAction":[{"@type":"SearchAction","target":{"@type":"EntryPoint","urlTemplate":"https:\/\/www.liegesport.be\/figezlesport\/?s={search_term_string}"},"query-input":"required name=search_term_string"}],"inLanguage":"en-US"},{"@type":"Organization","@id":"https:\/\/www.liegesport.be\/figezlesport\/#organization","name":"Li\u00e8ge Sport Asbl","url":"https:\/\/www.liegesport.be\/figezlesport\/","logo":{"@type":"ImageObject","inLanguage":"en-US","@id":"https:\/\/www.liegesport.be\/figezlesport\/#\/schema\/logo\/image\/","url":"https:\/\/www.liegesport.be\/figezlesport\/wp-content\/uploads\/2018\/05\/logo-liege-sport-color.png","contentUrl":"https:\/\/www.liegesport.be\/figezlesport\/wp-content\/uploads\/2018\/05\/logo-liege-sport-color.png","width":2717,"height":1654,"caption":"Li\u00e8ge Sport Asbl"},"image":{"@id":"https:\/\/www.liegesport.be\/figezlesport\/#\/schema\/logo\/image\/"},"sameAs":["https:\/\/www.facebook.com\/LiegeSport\/"]}]}},"_links":{"self":[{"href":"https:\/\/www.liegesport.be\/figezlesport\/wp-json\/wp\/v2\/pages\/206467"}],"collection":[{"href":"https:\/\/www.liegesport.be\/figezlesport\/wp-json\/wp\/v2\/pages"}],"about":[{"href":"https:\/\/www.liegesport.be\/figezlesport\/wp-json\/wp\/v2\/types\/page"}],"author":[{"embeddable":true,"href":"https:\/\/www.liegesport.be\/figezlesport\/wp-json\/wp\/v2\/users\/1"}],"replies":[{"embeddable":true,"href":"https:\/\/www.liegesport.be\/figezlesport\/wp-json\/wp\/v2\/comments?post=206467"}],"version-history":[{"count":8,"href":"https:\/\/www.liegesport.be\/figezlesport\/wp-json\/wp\/v2\/pages\/206467\/revisions"}],"predecessor-version":[{"id":206958,"href":"https:\/\/www.liegesport.be\/figezlesport\/wp-json\/wp\/v2\/pages\/206467\/revisions\/206958"}],"wp:attachment":[{"href":"https:\/\/www.liegesport.be\/figezlesport\/wp-json\/wp\/v2\/media?parent=206467"}],"curies":[{"name":"wp","href":"https:\/\/api.w.org\/{rel}","templated":true}]}}