{"id":208749,"date":"2019-09-21T10:15:36","date_gmt":"2019-09-21T08:15:36","guid":{"rendered":"https:\/\/www.liegesport.be\/figezlesport\/?page_id=208749"},"modified":"2019-11-22T11:16:27","modified_gmt":"2019-11-22T10:16:27","slug":"figez-le-sport-2019-selection","status":"publish","type":"page","link":"https:\/\/www.liegesport.be\/figezlesport\/figez-le-sport-2019-selection\/","title":{"rendered":"Figez le sport 2019-la s\u00e9lection"},"content":{"rendered":"<p>[et_pb_section fb_built=&#8221;1&#8243; admin_label=&#8221;Hero&#8221; _builder_version=&#8221;3.29.3&#8243; custom_padding=&#8221;0px|0px|0px|0px&#8221; top_divider_style=&#8221;slant2&#8243; top_divider_color=&#8221;#df0038&#8243; top_divider_height=&#8221;277px&#8221; top_divider_arrangement=&#8221;above_content&#8221; bottom_divider_style=&#8221;ramp2&#8243; bottom_divider_color=&#8221;#df0038&#8243; bottom_divider_arrangement=&#8221;above_content&#8221; animation_style=&#8221;zoom&#8221; animation_intensity_zoom=&#8221;4%&#8221; border_radii=&#8221;off||500px||500px&#8221; border_radii_tablet=&#8221;off||300px||300px&#8221; border_radii_phone=&#8221;&#8221; border_radii_last_edited=&#8221;on|phone&#8221;][et_pb_row column_structure=&#8221;1_2,1_2&#8243; use_custom_gutter=&#8221;on&#8221; gutter_width=&#8221;1&#8243; make_equal=&#8221;on&#8221; custom_padding_last_edited=&#8221;on|phone&#8221; module_class=&#8221; et_pb_row_fullwidth&#8221; _builder_version=&#8221;4.0.6&#8243; background_color=&#8221;#920f30&#8243; background_image=&#8221;https:\/\/www.liegesport.be\/figezlesport\/wp-content\/uploads\/2019\/01\/circle-background-pattern.png&#8221; width=&#8221;100%&#8221; width_tablet=&#8221;100%&#8221; width_phone=&#8221;&#8221; width_last_edited=&#8221;on|desktop&#8221; max_width=&#8221;100%&#8221; max_width_tablet=&#8221;100%&#8221; max_width_phone=&#8221;&#8221; max_width_last_edited=&#8221;on|desktop&#8221; custom_padding=&#8221;0px||0px|&#8221; custom_padding_tablet=&#8221;&#8221; custom_padding_phone=&#8221;31px||90px|&#8221; animation_style=&#8221;slide&#8221; animation_direction=&#8221;top&#8221; animation_intensity_slide=&#8221;3%&#8221; make_fullwidth=&#8221;on&#8221;][et_pb_column type=&#8221;1_2&#8243; _builder_version=&#8221;3.25&#8243; custom_padding=&#8221;10%|8%|10%|8%&#8221; custom_padding__hover=&#8221;|||&#8221;][et_pb_text _builder_version=&#8221;3.27.4&#8243; text_font=&#8221;|500||on|||||&#8221; text_text_color=&#8221;#ffffff&#8221; text_font_size=&#8221;16px&#8221; text_letter_spacing=&#8221;3px&#8221; header_font=&#8221;||||||||&#8221; header_2_font=&#8221;||||||||&#8221; header_3_font=&#8221;||||||||&#8221; header_4_font=&#8221;||||||||&#8221; header_5_font=&#8221;||||||||&#8221; header_6_font=&#8221;||||||||&#8221; custom_margin=&#8221;||45px|&#8221; custom_margin_tablet=&#8221;4px|||&#8221; custom_margin_phone=&#8221;64px|||&#8221; custom_margin_last_edited=&#8221;on|tablet&#8221; animation_style=&#8221;slide&#8221; animation_direction=&#8221;bottom&#8221; text_font_size_tablet=&#8221;13px&#8221; text_font_size_phone=&#8221;14px&#8221; text_font_size_last_edited=&#8221;on|tablet&#8221; locked=&#8221;off&#8221;]<\/p>\n<p>Li\u00e8ge Sport Pr\u00e9sente<\/p>\n<p>[\/et_pb_text][et_pb_text _builder_version=&#8221;3.29.3&#8243; text_font=&#8221;||||||||&#8221; text_text_color=&#8221;#ffffff&#8221; header_font=&#8221;Montserrat|700||on|||||&#8221; header_text_color=&#8221;#ffffff&#8221; header_font_size=&#8221;40px&#8221; header_line_height=&#8221;1.3em&#8221; custom_margin=&#8221;||40px|&#8221; animation_style=&#8221;fade&#8221; header_font_size_tablet=&#8221;30px&#8221; header_font_size_phone=&#8221;20px&#8221; header_font_size_last_edited=&#8221;on|tablet&#8221; locked=&#8221;off&#8221;]<\/p>\n<h1>&#8220;Figez le sport !&#8221;<br \/> la s\u00e9lection<\/h1>\n<p>[\/et_pb_text][et_pb_text _builder_version=&#8221;4.0.6&#8243; text_font=&#8221;Montserrat||||&#8221; text_text_color=&#8221;#ffffff&#8221; text_font_size=&#8221;20px&#8221; text_line_height=&#8221;1.4em&#8221; header_font=&#8221;||||||||&#8221; custom_margin=&#8221;||50px|&#8221; custom_padding_tablet=&#8221;|35px||35px&#8221; custom_padding_phone=&#8221;|30px||60px&#8221; custom_padding_last_edited=&#8221;on|tablet&#8221; animation_style=&#8221;slide&#8221; animation_direction=&#8221;top&#8221; animation_intensity_slide=&#8221;17%&#8221; text_font_size_tablet=&#8221;&#8221; text_font_size_phone=&#8221;15px&#8221; text_font_size_last_edited=&#8221;on|desktop&#8221; locked=&#8221;off&#8221;]<\/p>\n<p>Voici dans son int\u00e9gralit\u00e9 la s\u00e9lection des images qui se sont vues expos\u00e9es !<\/p>\n<p>[\/et_pb_text][et_pb_text _builder_version=&#8221;3.29.3&#8243; text_font=&#8221;Montserrat||||&#8221; text_text_color=&#8221;#ffffff&#8221; text_font_size=&#8221;20px&#8221; text_line_height=&#8221;1.4em&#8221; header_font=&#8221;||||||||&#8221; custom_margin=&#8221;||50px|&#8221; custom_padding_tablet=&#8221;|35px||35px&#8221; custom_padding_phone=&#8221;|30px||60px&#8221; custom_padding_last_edited=&#8221;on|tablet&#8221; animation_style=&#8221;slide&#8221; animation_direction=&#8221;top&#8221; animation_intensity_slide=&#8221;17%&#8221; text_font_size_tablet=&#8221;&#8221; text_font_size_phone=&#8221;15px&#8221; text_font_size_last_edited=&#8221;on|desktop&#8221; locked=&#8221;off&#8221;]<\/p>\n<p style=\"text-align: right;\">Bravo aux photographes<\/p>\n<p>[\/et_pb_text][\/et_pb_column][et_pb_column type=&#8221;1_2&#8243; _builder_version=&#8221;4.0.6&#8243; background_image=&#8221;https:\/\/www.liegesport.be\/figezlesport\/wp-content\/uploads\/2019\/09\/Carlos-Naranjo-1.jpg&#8221; parallax=&#8221;on&#8221; custom_padding=&#8221;|||&#8221; custom_padding_tablet=&#8221;190px||&#8221; custom_padding_phone=&#8221;190px||0px&#8221; custom_padding_last_edited=&#8221;on|tablet&#8221; custom_padding__hover=&#8221;|||&#8221;][\/et_pb_column][\/et_pb_row][\/et_pb_section][et_pb_section fb_built=&#8221;1&#8243; admin_label=&#8221;Video Section&#8221; module_id=&#8221;categories&#8221; _builder_version=&#8221;4.0.6&#8243; use_background_color_gradient=&#8221;on&#8221; background_color_gradient_start=&#8221;#ffffff&#8221; background_color_gradient_end=&#8221;#920f30&#8243; background_color_gradient_start_position=&#8221;31%&#8221; custom_margin=&#8221;||1vw||false|false&#8221; custom_padding=&#8221;0|0px|50px|0px|false|false&#8221; top_divider_color=&#8221;#df0038&#8243; top_divider_height=&#8221;219px&#8221; top_divider_flip=&#8221;vertical&#8221; bottom_divider_style=&#8221;slant2&#8243; bottom_divider_color=&#8221;#df0038&#8243; bottom_divider_height=&#8221;500px&#8221; bottom_divider_flip=&#8221;horizontal&#8221; border_radii=&#8221;|||500px|&#8221;][et_pb_row admin_label=&#8221;Video&#8221; _builder_version=&#8221;4.0.6&#8243; use_background_color_gradient=&#8221;on&#8221; background_color_gradient_start=&#8221;#ffffff&#8221; background_color_gradient_end=&#8221;#e2e2e2&#8243; module_alignment=&#8221;center&#8221; custom_margin=&#8221;50px|1px||auto||&#8221; custom_margin_tablet=&#8221;&#8221; custom_margin_phone=&#8221;||0px||false|false&#8221; custom_margin_last_edited=&#8221;on|phone&#8221; custom_padding=&#8221;0px|0px|0px|0px&#8221; animation_style=&#8221;slide&#8221; animation_direction=&#8221;top&#8221; animation_intensity_slide=&#8221;4%&#8221; animation_starting_opacity=&#8221;100%&#8221; hover_enabled=&#8221;0&#8243; box_shadow_style=&#8221;preset1&#8243; box_shadow_blur=&#8221;77px&#8221;][et_pb_column type=&#8221;4_4&#8243; _builder_version=&#8221;3.25&#8243; custom_padding=&#8221;|||&#8221; custom_padding__hover=&#8221;|||&#8221;][et_pb_text _builder_version=&#8221;4.0.6&#8243; text_font=&#8221;||||||||&#8221; text_font_size=&#8221;16px&#8221; text_line_height=&#8221;1.4em&#8221; ul_font=&#8221;||||||||&#8221; ul_font_size=&#8221;15px&#8221; header_font=&#8221;||||||||&#8221; header_2_font=&#8221;|||on|||||&#8221; header_2_text_align=&#8221;center&#8221; header_2_text_color=&#8221;#920f30&#8243; header_2_font_size=&#8221;40px&#8221; header_2_line_height=&#8221;2em&#8221; header_3_font=&#8221;||||||||&#8221; header_3_text_color=&#8221;#920f30&#8243; header_3_font_size=&#8221;25px&#8221; header_3_line_height=&#8221;1.6em&#8221; custom_padding=&#8221;5px|30px|0px|30px||true&#8221; text_font_size_tablet=&#8221;12px&#8221; text_font_size_phone=&#8221;&#8221; text_font_size_last_edited=&#8221;on|desktop&#8221; ul_font_size_tablet=&#8221;12px&#8221; ul_font_size_phone=&#8221;&#8221; ul_font_size_last_edited=&#8221;on|phone&#8221; header_2_font_size_tablet=&#8221;30px&#8221; header_2_font_size_phone=&#8221;20px&#8221; header_2_font_size_last_edited=&#8221;on|phone&#8221; header_3_font_size_tablet=&#8221;20px&#8221; header_3_font_size_phone=&#8221;15px&#8221; header_3_font_size_last_edited=&#8221;on|phone&#8221;]<\/p>\n<h2 style=\"text-align: center;\">Les images expos\u00e9es<\/h2>\n<p><strong><\/strong><\/p>\n<p>[\/et_pb_text][\/et_pb_column][\/et_pb_row][et_pb_row _builder_version=&#8221;3.29.3&#8243; custom_padding=&#8221;||0px|||&#8221;][et_pb_column type=&#8221;4_4&#8243; _builder_version=&#8221;3.29.3&#8243;][et_pb_divider color=&#8221;#920f30&#8243; _builder_version=&#8221;3.29.3&#8243; width=&#8221;25%&#8221; max_width_tablet=&#8221;&#8221; max_width_phone=&#8221;&#8221; max_width_last_edited=&#8221;on|phone&#8221;][\/et_pb_divider][\/et_pb_column][\/et_pb_row][et_pb_row use_custom_gutter=&#8221;on&#8221; _builder_version=&#8221;4.0.6&#8243; width=&#8221;100%&#8221; max_width=&#8221;100%&#8221; min_height=&#8221;3474px&#8221; custom_margin=&#8221;26px|auto||auto||&#8221; hover_enabled=&#8221;0&#8243; custom_margin_last_edited=&#8221;on|phone&#8221; custom_margin_phone=&#8221;0px|auto||auto|false|false&#8221;][et_pb_column type=&#8221;4_4&#8243; _builder_version=&#8221;3.29.3&#8243;][et_pb_gallery gallery_ids=&#8221;208714,208708,208706,208702,208700,208698,208696,208694,208692,208690,208719,208688,208710,208686,208684,208704,208682,208716,208713,208677,208676,208660,208675,208673,208670,208651,208669,208667,208665,208659,208658,208655,208653,208649,208674,208647,208645,208657,208643,208625,208623,208619,208615,208608,208606,208584,208848,208846,208844,208842,208840,208806&#8243; gallery_orderby=&#8221;rand&#8221; posts_number=&#8221;55&#8243; show_pagination=&#8221;off&#8221; zoom_icon_color=&#8221;#920f30&#8243; hover_overlay_color=&#8221;rgba(255,255,255,0.45)&#8221; _builder_version=&#8221;4.0.6&#8243; title_level=&#8221;h6&#8243; title_font_size=&#8221;10px&#8221; caption_font_size=&#8221;14px&#8221; pagination_font_size=&#8221;17px&#8221; use_background_color_gradient=&#8221;on&#8221; background_color_gradient_start=&#8221;#ffffff&#8221; background_color_gradient_end=&#8221;rgba(0,0,0,0.24)&#8221; background_color_gradient_direction=&#8221;110deg&#8221; text_orientation=&#8221;left&#8221; custom_padding=&#8221;3vw|3vw|3vw|3vw|true|true&#8221; box_shadow_style_image=&#8221;preset2&#8243;][\/et_pb_gallery][\/et_pb_column][\/et_pb_row][\/et_pb_section]<\/p>\n","protected":false},"excerpt":{"rendered":"<p>Li\u00e8ge Sport Pr\u00e9sente&#8221;Figez le sport !&#8221; la s\u00e9lectionVoici dans son int\u00e9gralit\u00e9 la s\u00e9lection des images qui se sont vues expos\u00e9es !Bravo aux photographesLes images expos\u00e9es<\/p>\n","protected":false},"author":1,"featured_media":208665,"parent":0,"menu_order":0,"comment_status":"closed","ping_status":"closed","template":"","meta":{"_et_pb_use_builder":"on","_et_pb_old_content":"","_et_gb_content_width":"","_mi_skip_tracking":false,"_exactmetrics_sitenote_active":false,"_exactmetrics_sitenote_note":"","_exactmetrics_sitenote_category":0,"footnotes":""},"yoast_head":"<!-- This site is optimized with the Yoast SEO plugin v21.5 - https:\/\/yoast.com\/wordpress\/plugins\/seo\/ -->\n<title>Figez le sport 2019-la s\u00e9lection - Figez le sport !<\/title>\n<meta name=\"robots\" content=\"index, follow, max-snippet:-1, max-image-preview:large, max-video-preview:-1\" \/>\n<link rel=\"canonical\" href=\"https:\/\/www.liegesport.be\/figezlesport\/figez-le-sport-2019-selection\/\" \/>\n<meta property=\"og:locale\" content=\"en_US\" \/>\n<meta property=\"og:type\" content=\"article\" \/>\n<meta property=\"og:title\" content=\"&quot;Figez le sport&quot; La s\u00e9lection du Jury\" \/>\n<meta property=\"og:description\" content=\"Voici les images s\u00e9lectionn\u00e9es parmi les 448 propos\u00e9es. Le jury se r\u00e9unira ce mardi pour attribuer les prix. Le nom des gagnants du concours sera publi\u00e9 mercredi !\" \/>\n<meta property=\"og:url\" content=\"https:\/\/www.liegesport.be\/figezlesport\/figez-le-sport-2019-selection\/\" \/>\n<meta property=\"og:site_name\" content=\"Figez le sport !\" \/>\n<meta property=\"article:publisher\" content=\"https:\/\/www.facebook.com\/LiegeSport\/\" \/>\n<meta property=\"article:modified_time\" content=\"2019-11-22T10:16:27+00:00\" \/>\n<meta property=\"og:image\" content=\"https:\/\/www.liegesport.be\/figezlesport\/wp-content\/uploads\/2019\/09\/mickael_bonnami_4.jpg\" \/>\n\t<meta property=\"og:image:width\" content=\"1200\" \/>\n\t<meta property=\"og:image:height\" content=\"800\" \/>\n\t<meta property=\"og:image:type\" content=\"image\/jpeg\" \/>\n<meta name=\"twitter:card\" content=\"summary_large_image\" \/>\n<meta name=\"twitter:title\" content=\"&quot;Figez le sport&quot; La s\u00e9lection du Jury\" \/>\n<meta name=\"twitter:description\" content=\"Voici les images s\u00e9lectionn\u00e9es parmi les 448 propos\u00e9es. Le jury se r\u00e9unira ce mardi pour attribuer les prix. Le nom des gagnants du concours sera publi\u00e9 mercredi !\" \/>\n<meta name=\"twitter:image\" content=\"https:\/\/www.liegesport.be\/figezlesport\/wp-content\/uploads\/2019\/09\/mickael_bonnami_4.jpg\" \/>\n<meta name=\"twitter:label1\" content=\"Est. reading time\" \/>\n\t<meta name=\"twitter:data1\" content=\"5 minutes\" \/>\n<script type=\"application\/ld+json\" class=\"yoast-schema-graph\">{\"@context\":\"https:\/\/schema.org\",\"@graph\":[{\"@type\":\"WebPage\",\"@id\":\"https:\/\/www.liegesport.be\/figezlesport\/figez-le-sport-2019-selection\/\",\"url\":\"https:\/\/www.liegesport.be\/figezlesport\/figez-le-sport-2019-selection\/\",\"name\":\"Figez le sport 2019-la s\u00e9lection - Figez le sport !\",\"isPartOf\":{\"@id\":\"https:\/\/www.liegesport.be\/figezlesport\/#website\"},\"datePublished\":\"2019-09-21T08:15:36+00:00\",\"dateModified\":\"2019-11-22T10:16:27+00:00\",\"breadcrumb\":{\"@id\":\"https:\/\/www.liegesport.be\/figezlesport\/figez-le-sport-2019-selection\/#breadcrumb\"},\"inLanguage\":\"en-US\",\"potentialAction\":[{\"@type\":\"ReadAction\",\"target\":[\"https:\/\/www.liegesport.be\/figezlesport\/figez-le-sport-2019-selection\/\"]}]},{\"@type\":\"BreadcrumbList\",\"@id\":\"https:\/\/www.liegesport.be\/figezlesport\/figez-le-sport-2019-selection\/#breadcrumb\",\"itemListElement\":[{\"@type\":\"ListItem\",\"position\":1,\"name\":\"Home\",\"item\":\"https:\/\/www.liegesport.be\/figezlesport\/\"},{\"@type\":\"ListItem\",\"position\":2,\"name\":\"Figez le sport 2019-la s\u00e9lection\"}]},{\"@type\":\"WebSite\",\"@id\":\"https:\/\/www.liegesport.be\/figezlesport\/#website\",\"url\":\"https:\/\/www.liegesport.be\/figezlesport\/\",\"name\":\"Figez le sport !\",\"description\":\"Concours photo sur le th\u00e8me du sport\",\"publisher\":{\"@id\":\"https:\/\/www.liegesport.be\/figezlesport\/#organization\"},\"potentialAction\":[{\"@type\":\"SearchAction\",\"target\":{\"@type\":\"EntryPoint\",\"urlTemplate\":\"https:\/\/www.liegesport.be\/figezlesport\/?s={search_term_string}\"},\"query-input\":\"required name=search_term_string\"}],\"inLanguage\":\"en-US\"},{\"@type\":\"Organization\",\"@id\":\"https:\/\/www.liegesport.be\/figezlesport\/#organization\",\"name\":\"Li\u00e8ge Sport Asbl\",\"url\":\"https:\/\/www.liegesport.be\/figezlesport\/\",\"logo\":{\"@type\":\"ImageObject\",\"inLanguage\":\"en-US\",\"@id\":\"https:\/\/www.liegesport.be\/figezlesport\/#\/schema\/logo\/image\/\",\"url\":\"https:\/\/www.liegesport.be\/figezlesport\/wp-content\/uploads\/2018\/05\/logo-liege-sport-color.png\",\"contentUrl\":\"https:\/\/www.liegesport.be\/figezlesport\/wp-content\/uploads\/2018\/05\/logo-liege-sport-color.png\",\"width\":2717,\"height\":1654,\"caption\":\"Li\u00e8ge Sport Asbl\"},\"image\":{\"@id\":\"https:\/\/www.liegesport.be\/figezlesport\/#\/schema\/logo\/image\/\"},\"sameAs\":[\"https:\/\/www.facebook.com\/LiegeSport\/\"]}]}<\/script>\n<!-- \/ Yoast SEO plugin. -->","yoast_head_json":{"title":"Figez le sport 2019-la s\u00e9lection - Figez le sport !","robots":{"index":"index","follow":"follow","max-snippet":"max-snippet:-1","max-image-preview":"max-image-preview:large","max-video-preview":"max-video-preview:-1"},"canonical":"https:\/\/www.liegesport.be\/figezlesport\/figez-le-sport-2019-selection\/","og_locale":"en_US","og_type":"article","og_title":"\"Figez le sport\" La s\u00e9lection du Jury","og_description":"Voici les images s\u00e9lectionn\u00e9es parmi les 448 propos\u00e9es. Le jury se r\u00e9unira ce mardi pour attribuer les prix. Le nom des gagnants du concours sera publi\u00e9 mercredi !","og_url":"https:\/\/www.liegesport.be\/figezlesport\/figez-le-sport-2019-selection\/","og_site_name":"Figez le sport !","article_publisher":"https:\/\/www.facebook.com\/LiegeSport\/","article_modified_time":"2019-11-22T10:16:27+00:00","og_image":[{"width":1200,"height":800,"url":"https:\/\/www.liegesport.be\/figezlesport\/wp-content\/uploads\/2019\/09\/mickael_bonnami_4.jpg","type":"image\/jpeg"}],"twitter_card":"summary_large_image","twitter_title":"\"Figez le sport\" La s\u00e9lection du Jury","twitter_description":"Voici les images s\u00e9lectionn\u00e9es parmi les 448 propos\u00e9es. Le jury se r\u00e9unira ce mardi pour attribuer les prix. Le nom des gagnants du concours sera publi\u00e9 mercredi !","twitter_image":"https:\/\/www.liegesport.be\/figezlesport\/wp-content\/uploads\/2019\/09\/mickael_bonnami_4.jpg","twitter_misc":{"Est. reading time":"5 minutes"},"schema":{"@context":"https:\/\/schema.org","@graph":[{"@type":"WebPage","@id":"https:\/\/www.liegesport.be\/figezlesport\/figez-le-sport-2019-selection\/","url":"https:\/\/www.liegesport.be\/figezlesport\/figez-le-sport-2019-selection\/","name":"Figez le sport 2019-la s\u00e9lection - Figez le sport !","isPartOf":{"@id":"https:\/\/www.liegesport.be\/figezlesport\/#website"},"datePublished":"2019-09-21T08:15:36+00:00","dateModified":"2019-11-22T10:16:27+00:00","breadcrumb":{"@id":"https:\/\/www.liegesport.be\/figezlesport\/figez-le-sport-2019-selection\/#breadcrumb"},"inLanguage":"en-US","potentialAction":[{"@type":"ReadAction","target":["https:\/\/www.liegesport.be\/figezlesport\/figez-le-sport-2019-selection\/"]}]},{"@type":"BreadcrumbList","@id":"https:\/\/www.liegesport.be\/figezlesport\/figez-le-sport-2019-selection\/#breadcrumb","itemListElement":[{"@type":"ListItem","position":1,"name":"Home","item":"https:\/\/www.liegesport.be\/figezlesport\/"},{"@type":"ListItem","position":2,"name":"Figez le sport 2019-la s\u00e9lection"}]},{"@type":"WebSite","@id":"https:\/\/www.liegesport.be\/figezlesport\/#website","url":"https:\/\/www.liegesport.be\/figezlesport\/","name":"Figez le sport !","description":"Concours photo sur le th\u00e8me du sport","publisher":{"@id":"https:\/\/www.liegesport.be\/figezlesport\/#organization"},"potentialAction":[{"@type":"SearchAction","target":{"@type":"EntryPoint","urlTemplate":"https:\/\/www.liegesport.be\/figezlesport\/?s={search_term_string}"},"query-input":"required name=search_term_string"}],"inLanguage":"en-US"},{"@type":"Organization","@id":"https:\/\/www.liegesport.be\/figezlesport\/#organization","name":"Li\u00e8ge Sport Asbl","url":"https:\/\/www.liegesport.be\/figezlesport\/","logo":{"@type":"ImageObject","inLanguage":"en-US","@id":"https:\/\/www.liegesport.be\/figezlesport\/#\/schema\/logo\/image\/","url":"https:\/\/www.liegesport.be\/figezlesport\/wp-content\/uploads\/2018\/05\/logo-liege-sport-color.png","contentUrl":"https:\/\/www.liegesport.be\/figezlesport\/wp-content\/uploads\/2018\/05\/logo-liege-sport-color.png","width":2717,"height":1654,"caption":"Li\u00e8ge Sport Asbl"},"image":{"@id":"https:\/\/www.liegesport.be\/figezlesport\/#\/schema\/logo\/image\/"},"sameAs":["https:\/\/www.facebook.com\/LiegeSport\/"]}]}},"_links":{"self":[{"href":"https:\/\/www.liegesport.be\/figezlesport\/wp-json\/wp\/v2\/pages\/208749"}],"collection":[{"href":"https:\/\/www.liegesport.be\/figezlesport\/wp-json\/wp\/v2\/pages"}],"about":[{"href":"https:\/\/www.liegesport.be\/figezlesport\/wp-json\/wp\/v2\/types\/page"}],"author":[{"embeddable":true,"href":"https:\/\/www.liegesport.be\/figezlesport\/wp-json\/wp\/v2\/users\/1"}],"replies":[{"embeddable":true,"href":"https:\/\/www.liegesport.be\/figezlesport\/wp-json\/wp\/v2\/comments?post=208749"}],"version-history":[{"count":15,"href":"https:\/\/www.liegesport.be\/figezlesport\/wp-json\/wp\/v2\/pages\/208749\/revisions"}],"predecessor-version":[{"id":209063,"href":"https:\/\/www.liegesport.be\/figezlesport\/wp-json\/wp\/v2\/pages\/208749\/revisions\/209063"}],"wp:featuredmedia":[{"embeddable":true,"href":"https:\/\/www.liegesport.be\/figezlesport\/wp-json\/wp\/v2\/media\/208665"}],"wp:attachment":[{"href":"https:\/\/www.liegesport.be\/figezlesport\/wp-json\/wp\/v2\/media?parent=208749"}],"curies":[{"name":"wp","href":"https:\/\/api.w.org\/{rel}","templated":true}]}}