{"id":3611,"date":"2018-01-20T13:11:08","date_gmt":"2018-01-20T12:11:08","guid":{"rendered":"https:\/\/www.liegesport.be\/figezlesport\/?page_id=3611"},"modified":"2018-05-08T14:52:39","modified_gmt":"2018-05-08T12:52:39","slug":"stages-sportifs","status":"publish","type":"page","link":"https:\/\/www.liegesport.be\/figezlesport\/stages-sportifs\/","title":{"rendered":"Stage Sportifs"},"content":{"rendered":"<p>[et_pb_section fb_built=&#8221;1&#8243; _builder_version=&#8221;3.0.92&#8243;][et_pb_row make_fullwidth=&#8221;on&#8221; custom_padding=&#8221;11em||7em|&#8221; custom_padding_tablet=&#8221;|||&#8221; custom_margin=&#8221;|||&#8221; column_padding_mobile=&#8221;on&#8221; parallax_method_1=&#8221;off&#8221; admin_label=&#8221;row&#8221; _builder_version=&#8221;3.0.92&#8243; background_image=&#8221;https:\/\/www.liegesport.be\/figezlesport\/wp-content\/uploads\/2018\/01\/Stage-Basket-Panthers-Pierre-Forlin-Li\u00e8ge-Sport69.jpg&#8221; parallax=&#8221;on&#8221; custom_margin_last_edited=&#8221;on|desktop&#8221;][et_pb_column type=&#8221;4_4&#8243; _builder_version=&#8221;3.0.47&#8243; column_padding_mobile=&#8221;on&#8221; parallax=&#8221;off&#8221; parallax_method=&#8221;off&#8221;][et_pb_cta title=&#8221;Les stages sportifs sur Li\u00e8ge&#8221; admin_label=&#8221;A FULL-SERVICE ACCOUNTING FIRM&#8221; _builder_version=&#8221;3.0.92&#8243; header_level=&#8221;h5&#8243; header_font=&#8221;Raleway|500||on|||||&#8221; header_text_color=&#8221;#920f30&#8243; header_font_size=&#8221;35px&#8221; header_font_size_tablet=&#8221;40&#8243; header_font_size_phone=&#8221;24&#8243; header_font_size_last_edited=&#8221;on|phone&#8221; body_text_color=&#8221;#076f92&#8243; body_font_size=&#8221;30&#8243; body_font_size_tablet=&#8221;26&#8243; body_font_size_phone=&#8221;22&#8243; body_font_size_last_edited=&#8221;on|phone&#8221; background_color=&#8221;rgba(216,216,216,0.84)&#8221; background_size=&#8221;initial&#8221; background_position=&#8221;top_left&#8221; background_repeat=&#8221;repeat&#8221; border_width_bottom=&#8221;3px&#8221; border_color_bottom=&#8221;#920f30&#8243; text_orientation=&#8221;left&#8221; custom_margin=&#8221;100px||100px|&#8221; custom_padding=&#8221;|||&#8221; custom_css_promo_description=&#8221;padding-bottom:20px !important;||line-height: 150% !important;&#8221; custom_css_promo_title=&#8221;padding-bottom:20px !important;||letter-spacing: -0.05em !important;||line-height: 120% !important;&#8221; use_border_color=&#8221;off&#8221;]<em>Consultez et inscrivez-vous !<\/em><br \/>\n[\/et_pb_cta][et_pb_image src=&#8221;https:\/\/www.liegesport.be\/figezlesport\/wp-content\/uploads\/2018\/01\/arrow.png&#8221; url=&#8221;#intro&#8221; _builder_version=&#8221;3.0.92&#8243; custom_margin=&#8221;4vw|||&#8221; custom_margin_tablet=&#8221;3vw|||&#8221; custom_margin_last_edited=&#8221;on|phone&#8221; animation_style=&#8221;slide&#8221; animation_direction=&#8221;left&#8221; animation_duration=&#8221;500ms&#8221; animation_intensity_slide=&#8221;10%&#8221; use_border_color=&#8221;off&#8221; border_color=&#8221;#ffffff&#8221; border_style=&#8221;solid&#8221; animation=&#8221;left&#8221; sticky=&#8221;off&#8221;]&nbsp;<br \/>\n[\/et_pb_image][\/et_pb_column][\/et_pb_row][\/et_pb_section][et_pb_section fb_built=&#8221;1&#8243; specialty=&#8221;on&#8221; _builder_version=&#8221;3.0.47&#8243;][et_pb_column type=&#8221;3_4&#8243; specialty_columns=&#8221;3&#8243; _builder_version=&#8221;3.0.47&#8243; parallax=&#8221;off&#8221; parallax_method=&#8221;on&#8221;][et_pb_row_inner _builder_version=&#8221;3.0.47&#8243;][et_pb_column_inner type=&#8221;4_4&#8243; saved_specialty_column_type=&#8221;3_4&#8243; _builder_version=&#8221;3.0.47&#8243; parallax=&#8221;off&#8221; parallax_method=&#8221;on&#8221;][et_pb_text _builder_version=&#8221;3.0.92&#8243;]<\/p>\n<h2>Les Publications<\/h2>\n<p>Cliquez sur le stage qui vous int\u00e9resse pour obtenir l&#8217;int\u00e9gralit\u00e9 des informations le concernant.<br \/>\n[\/et_pb_text][\/et_pb_column_inner][\/et_pb_row_inner][et_pb_row_inner admin_label=&#8221;Ligne&#8221; _builder_version=&#8221;3.0.47&#8243;][et_pb_column_inner type=&#8221;4_4&#8243; saved_specialty_column_type=&#8221;3_4&#8243; _builder_version=&#8221;3.0.47&#8243; parallax=&#8221;off&#8221; parallax_method=&#8221;on&#8221;][et_pb_blog fullwidth=&#8221;off&#8221; include_categories=&#8221;8&#8243; show_content=&#8221;on&#8221; show_date=&#8221;off&#8221; show_categories=&#8221;off&#8221; use_overlay=&#8221;on&#8221; admin_label=&#8221;Blog stages&#8221; _builder_version=&#8221;3.2&#8243; header_text_align=&#8221;center&#8221; meta_font=&#8221;||on||||||&#8221; pagination_font_size_tablet=&#8221;51&#8243; pagination_line_height_tablet=&#8221;2&#8243; border_width_bottom=&#8221;3px&#8221; border_color_bottom=&#8221;#920f30&#8243; masonry_tile_background_color=&#8221;rgba(15,109,10,0)&#8221; hover_icon=&#8221;%%1%%&#8221; overlay_icon_color=&#8221;rgba(0,0,0,0)&#8221; hover_overlay_color=&#8221;rgba(0,0,0,0)&#8221; body_font=&#8221;||||||||&#8221; meta_font_size=&#8221;12px&#8221; pagination_font=&#8221;||||||||&#8221; custom_css_content=&#8221;||padding-left: 10px||  &#8220;][\/et_pb_blog][\/et_pb_column_inner][\/et_pb_row_inner][\/et_pb_column][et_pb_column type=&#8221;1_4&#8243; _builder_version=&#8221;3.0.47&#8243; parallax=&#8221;off&#8221; parallax_method=&#8221;on&#8221;][et_pb_sidebar orientation=&#8221;right&#8221; area=&#8221;sidebar-1&#8243; _builder_version=&#8221;3.0.92&#8243; header_font=&#8221;|||on|||||&#8221; header_text_color=&#8221;#920f30&#8243;][\/et_pb_sidebar][\/et_pb_column][\/et_pb_section]<\/p>\n","protected":false},"excerpt":{"rendered":"<p>Consultez et inscrivez-vous ! &nbsp; Les Publications Cliquez sur le stage qui vous int\u00e9resse pour obtenir l&#8217;int\u00e9gralit\u00e9 des informations le concernant.<\/p>\n","protected":false},"author":1,"featured_media":0,"parent":0,"menu_order":0,"comment_status":"open","ping_status":"closed","template":"","meta":{"_et_pb_use_builder":"on","_et_pb_old_content":"<p>[wpforo]<\/p>","_et_gb_content_width":"","_mi_skip_tracking":false,"_exactmetrics_sitenote_active":false,"_exactmetrics_sitenote_note":"","_exactmetrics_sitenote_category":0,"footnotes":""},"yoast_head":"<!-- This site is optimized with the Yoast SEO plugin v21.5 - https:\/\/yoast.com\/wordpress\/plugins\/seo\/ -->\n<title>Stage Sportifs - Figez le sport !<\/title>\n<meta name=\"robots\" content=\"index, follow, max-snippet:-1, max-image-preview:large, max-video-preview:-1\" \/>\n<link rel=\"canonical\" href=\"https:\/\/www.liegesport.be\/figezlesport\/stages-sportifs\/\" \/>\n<meta property=\"og:locale\" content=\"en_US\" \/>\n<meta property=\"og:type\" content=\"article\" \/>\n<meta property=\"og:title\" content=\"Stage Sportifs - Figez le sport !\" \/>\n<meta property=\"og:description\" content=\"Consultez et inscrivez-vous ! &nbsp; Les Publications Cliquez sur le stage qui vous int\u00e9resse pour obtenir l&#039;int\u00e9gralit\u00e9 des informations le concernant.\" \/>\n<meta property=\"og:url\" content=\"https:\/\/www.liegesport.be\/figezlesport\/stages-sportifs\/\" \/>\n<meta property=\"og:site_name\" content=\"Figez le sport !\" \/>\n<meta property=\"article:publisher\" content=\"https:\/\/www.facebook.com\/LiegeSport\/\" \/>\n<meta property=\"article:modified_time\" content=\"2018-05-08T12:52:39+00:00\" \/>\n<meta name=\"twitter:card\" content=\"summary_large_image\" \/>\n<meta name=\"twitter:label1\" content=\"Est. reading time\" \/>\n\t<meta name=\"twitter:data1\" content=\"2 minutes\" \/>\n<script type=\"application\/ld+json\" class=\"yoast-schema-graph\">{\"@context\":\"https:\/\/schema.org\",\"@graph\":[{\"@type\":\"WebPage\",\"@id\":\"https:\/\/www.liegesport.be\/figezlesport\/stages-sportifs\/\",\"url\":\"https:\/\/www.liegesport.be\/figezlesport\/stages-sportifs\/\",\"name\":\"Stage Sportifs - Figez le sport !\",\"isPartOf\":{\"@id\":\"https:\/\/www.liegesport.be\/figezlesport\/#website\"},\"datePublished\":\"2018-01-20T12:11:08+00:00\",\"dateModified\":\"2018-05-08T12:52:39+00:00\",\"breadcrumb\":{\"@id\":\"https:\/\/www.liegesport.be\/figezlesport\/stages-sportifs\/#breadcrumb\"},\"inLanguage\":\"en-US\",\"potentialAction\":[{\"@type\":\"ReadAction\",\"target\":[\"https:\/\/www.liegesport.be\/figezlesport\/stages-sportifs\/\"]}]},{\"@type\":\"BreadcrumbList\",\"@id\":\"https:\/\/www.liegesport.be\/figezlesport\/stages-sportifs\/#breadcrumb\",\"itemListElement\":[{\"@type\":\"ListItem\",\"position\":1,\"name\":\"Home\",\"item\":\"https:\/\/www.liegesport.be\/figezlesport\/\"},{\"@type\":\"ListItem\",\"position\":2,\"name\":\"Stage Sportifs\"}]},{\"@type\":\"WebSite\",\"@id\":\"https:\/\/www.liegesport.be\/figezlesport\/#website\",\"url\":\"https:\/\/www.liegesport.be\/figezlesport\/\",\"name\":\"Figez le sport !\",\"description\":\"Concours photo sur le th\u00e8me du sport\",\"publisher\":{\"@id\":\"https:\/\/www.liegesport.be\/figezlesport\/#organization\"},\"potentialAction\":[{\"@type\":\"SearchAction\",\"target\":{\"@type\":\"EntryPoint\",\"urlTemplate\":\"https:\/\/www.liegesport.be\/figezlesport\/?s={search_term_string}\"},\"query-input\":\"required name=search_term_string\"}],\"inLanguage\":\"en-US\"},{\"@type\":\"Organization\",\"@id\":\"https:\/\/www.liegesport.be\/figezlesport\/#organization\",\"name\":\"Li\u00e8ge Sport Asbl\",\"url\":\"https:\/\/www.liegesport.be\/figezlesport\/\",\"logo\":{\"@type\":\"ImageObject\",\"inLanguage\":\"en-US\",\"@id\":\"https:\/\/www.liegesport.be\/figezlesport\/#\/schema\/logo\/image\/\",\"url\":\"https:\/\/www.liegesport.be\/figezlesport\/wp-content\/uploads\/2018\/05\/logo-liege-sport-color.png\",\"contentUrl\":\"https:\/\/www.liegesport.be\/figezlesport\/wp-content\/uploads\/2018\/05\/logo-liege-sport-color.png\",\"width\":2717,\"height\":1654,\"caption\":\"Li\u00e8ge Sport Asbl\"},\"image\":{\"@id\":\"https:\/\/www.liegesport.be\/figezlesport\/#\/schema\/logo\/image\/\"},\"sameAs\":[\"https:\/\/www.facebook.com\/LiegeSport\/\"]}]}<\/script>\n<!-- \/ Yoast SEO plugin. -->","yoast_head_json":{"title":"Stage Sportifs - Figez le sport !","robots":{"index":"index","follow":"follow","max-snippet":"max-snippet:-1","max-image-preview":"max-image-preview:large","max-video-preview":"max-video-preview:-1"},"canonical":"https:\/\/www.liegesport.be\/figezlesport\/stages-sportifs\/","og_locale":"en_US","og_type":"article","og_title":"Stage Sportifs - Figez le sport !","og_description":"Consultez et inscrivez-vous ! &nbsp; Les Publications Cliquez sur le stage qui vous int\u00e9resse pour obtenir l'int\u00e9gralit\u00e9 des informations le concernant.","og_url":"https:\/\/www.liegesport.be\/figezlesport\/stages-sportifs\/","og_site_name":"Figez le sport !","article_publisher":"https:\/\/www.facebook.com\/LiegeSport\/","article_modified_time":"2018-05-08T12:52:39+00:00","twitter_card":"summary_large_image","twitter_misc":{"Est. reading time":"2 minutes"},"schema":{"@context":"https:\/\/schema.org","@graph":[{"@type":"WebPage","@id":"https:\/\/www.liegesport.be\/figezlesport\/stages-sportifs\/","url":"https:\/\/www.liegesport.be\/figezlesport\/stages-sportifs\/","name":"Stage Sportifs - Figez le sport !","isPartOf":{"@id":"https:\/\/www.liegesport.be\/figezlesport\/#website"},"datePublished":"2018-01-20T12:11:08+00:00","dateModified":"2018-05-08T12:52:39+00:00","breadcrumb":{"@id":"https:\/\/www.liegesport.be\/figezlesport\/stages-sportifs\/#breadcrumb"},"inLanguage":"en-US","potentialAction":[{"@type":"ReadAction","target":["https:\/\/www.liegesport.be\/figezlesport\/stages-sportifs\/"]}]},{"@type":"BreadcrumbList","@id":"https:\/\/www.liegesport.be\/figezlesport\/stages-sportifs\/#breadcrumb","itemListElement":[{"@type":"ListItem","position":1,"name":"Home","item":"https:\/\/www.liegesport.be\/figezlesport\/"},{"@type":"ListItem","position":2,"name":"Stage Sportifs"}]},{"@type":"WebSite","@id":"https:\/\/www.liegesport.be\/figezlesport\/#website","url":"https:\/\/www.liegesport.be\/figezlesport\/","name":"Figez le sport !","description":"Concours photo sur le th\u00e8me du sport","publisher":{"@id":"https:\/\/www.liegesport.be\/figezlesport\/#organization"},"potentialAction":[{"@type":"SearchAction","target":{"@type":"EntryPoint","urlTemplate":"https:\/\/www.liegesport.be\/figezlesport\/?s={search_term_string}"},"query-input":"required name=search_term_string"}],"inLanguage":"en-US"},{"@type":"Organization","@id":"https:\/\/www.liegesport.be\/figezlesport\/#organization","name":"Li\u00e8ge Sport Asbl","url":"https:\/\/www.liegesport.be\/figezlesport\/","logo":{"@type":"ImageObject","inLanguage":"en-US","@id":"https:\/\/www.liegesport.be\/figezlesport\/#\/schema\/logo\/image\/","url":"https:\/\/www.liegesport.be\/figezlesport\/wp-content\/uploads\/2018\/05\/logo-liege-sport-color.png","contentUrl":"https:\/\/www.liegesport.be\/figezlesport\/wp-content\/uploads\/2018\/05\/logo-liege-sport-color.png","width":2717,"height":1654,"caption":"Li\u00e8ge Sport Asbl"},"image":{"@id":"https:\/\/www.liegesport.be\/figezlesport\/#\/schema\/logo\/image\/"},"sameAs":["https:\/\/www.facebook.com\/LiegeSport\/"]}]}},"_links":{"self":[{"href":"https:\/\/www.liegesport.be\/figezlesport\/wp-json\/wp\/v2\/pages\/3611"}],"collection":[{"href":"https:\/\/www.liegesport.be\/figezlesport\/wp-json\/wp\/v2\/pages"}],"about":[{"href":"https:\/\/www.liegesport.be\/figezlesport\/wp-json\/wp\/v2\/types\/page"}],"author":[{"embeddable":true,"href":"https:\/\/www.liegesport.be\/figezlesport\/wp-json\/wp\/v2\/users\/1"}],"replies":[{"embeddable":true,"href":"https:\/\/www.liegesport.be\/figezlesport\/wp-json\/wp\/v2\/comments?post=3611"}],"version-history":[{"count":5,"href":"https:\/\/www.liegesport.be\/figezlesport\/wp-json\/wp\/v2\/pages\/3611\/revisions"}],"predecessor-version":[{"id":206313,"href":"https:\/\/www.liegesport.be\/figezlesport\/wp-json\/wp\/v2\/pages\/3611\/revisions\/206313"}],"wp:attachment":[{"href":"https:\/\/www.liegesport.be\/figezlesport\/wp-json\/wp\/v2\/media?parent=3611"}],"curies":[{"name":"wp","href":"https:\/\/api.w.org\/{rel}","templated":true}]}}