{"id":3616,"date":"2018-01-20T13:16:16","date_gmt":"2018-01-20T12:16:16","guid":{"rendered":"https:\/\/www.liegesport.be\/figezlesport\/?page_id=3616"},"modified":"2018-01-24T16:05:06","modified_gmt":"2018-01-24T15:05:06","slug":"recherche","status":"publish","type":"page","link":"https:\/\/www.liegesport.be\/figezlesport\/recherche\/","title":{"rendered":"Je recherche"},"content":{"rendered":"<p>[et_pb_section bb_built=&#8221;1&#8243; _builder_version=&#8221;3.0.92&#8243;][et_pb_row admin_label=&#8221;row&#8221; make_fullwidth=&#8221;on&#8221; custom_padding=&#8221;11em||7em|&#8221; custom_padding_tablet=&#8221;|||&#8221; custom_margin=&#8221;|||&#8221; column_padding_mobile=&#8221;on&#8221; parallax_method_1=&#8221;off&#8221; _builder_version=&#8221;3.0.92&#8243; background_image=&#8221;https:\/\/www.liegesport.be\/figezlesport\/wp-content\/uploads\/2018\/01\/riding-988845_1920.jpg&#8221; parallax=&#8221;on&#8221; custom_margin_last_edited=&#8221;on|desktop&#8221;][et_pb_column type=&#8221;4_4&#8243;][et_pb_cta admin_label=&#8221;A FULL-SERVICE ACCOUNTING FIRM&#8221; title=&#8221;Cherchez ou trouvez un(e) partenaire &#8221; background_color=&#8221;rgba(216,216,216,0.84)&#8221; _builder_version=&#8221;3.0.92&#8243; header_level=&#8221;h5&#8243; header_font=&#8221;Raleway|500||on|||||&#8221; header_font_size=&#8221;35px&#8221; header_font_size_tablet=&#8221;40&#8243; header_font_size_phone=&#8221;24&#8243; header_font_size_last_edited=&#8221;on|phone&#8221; header_text_color=&#8221;#920f30&#8243; body_font_size=&#8221;30&#8243; body_font_size_tablet=&#8221;26&#8243; body_font_size_phone=&#8221;22&#8243; body_font_size_last_edited=&#8221;on|phone&#8221; body_text_color=&#8221;#076f92&#8243; background_size=&#8221;initial&#8221; background_position=&#8221;top_left&#8221; background_repeat=&#8221;repeat&#8221; border_width_bottom=&#8221;3px&#8221; border_color_bottom=&#8221;#920f30&#8243; text_orientation=&#8221;left&#8221; custom_margin=&#8221;100px||100px|&#8221; custom_padding=&#8221;|||&#8221; custom_css_promo_description=&#8221;padding-bottom:20px !important;||line-height: 150% !important;&#8221; custom_css_promo_title=&#8221;padding-bottom:20px !important;||letter-spacing: -0.05em !important;||line-height: 120% !important;&#8221; use_border_color=&#8221;off&#8221; url_new_window=&#8221;off&#8221; use_background_color=&#8221;on&#8221; background_layout=&#8221;dark&#8221; custom_button=&#8221;off&#8221; button_icon_placement=&#8221;right&#8221;]<\/p>\n<p><em>Ne pratiquez plus seul votre sport favori<\/em><\/p>\n<p>[\/et_pb_cta][et_pb_image src=&#8221;https:\/\/www.liegesport.be\/figezlesport\/wp-content\/uploads\/2018\/01\/arrow.png&#8221; url=&#8221;#intro&#8221; _builder_version=&#8221;3.0.92&#8243; custom_margin=&#8221;4vw|||&#8221; custom_margin_tablet=&#8221;3vw|||&#8221; custom_margin_last_edited=&#8221;on|phone&#8221; animation_style=&#8221;slide&#8221; animation_direction=&#8221;left&#8221; animation_duration=&#8221;500ms&#8221; animation_intensity_slide=&#8221;10%&#8221; use_border_color=&#8221;off&#8221; border_color=&#8221;#ffffff&#8221; border_style=&#8221;solid&#8221; animation=&#8221;left&#8221; sticky=&#8221;off&#8221;]<\/p>\n<p>&nbsp;<\/p>\n<p>[\/et_pb_image][\/et_pb_column][\/et_pb_row][\/et_pb_section][et_pb_section bb_built=&#8221;1&#8243; fullwidth=&#8221;off&#8221; specialty=&#8221;on&#8221;][et_pb_column type=&#8221;3_4&#8243; specialty_columns=&#8221;3&#8243;][et_pb_row_inner admin_label=&#8221;Row&#8221;][et_pb_column_inner type=&#8221;1_2&#8243; saved_specialty_column_type=&#8221;3_4&#8243;][et_pb_text admin_label=&#8221;Formulaire de recherche&#8221; _builder_version=&#8221;3.0.92&#8243; background_layout=&#8221;light&#8221; border_width_bottom=&#8221;5px&#8221; border_color_bottom=&#8221;#920f30&#8243;]<\/p>\n<div class=\"wpuf-message\">Le formulaire n'est accessible qu'aux utilisateurs enregistr\u00e9s.  Connectez-vous !<\/div>\n<p>[\/et_pb_text][\/et_pb_column_inner][et_pb_column_inner type=&#8221;1_2&#8243; saved_specialty_column_type=&#8221;3_4&#8243;][et_pb_text _builder_version=&#8221;3.0.92&#8243; background_layout=&#8221;light&#8221; header_text_color=&#8221;#920f30&#8243; custom_padding=&#8221;40px|||&#8221;]<\/p>\n<h2>Explications<\/h2>\n<p>Marre de courir seul, marre de faire du v\u00e9lo et de parler \u00e0 sa roue avant, marre de ne pas pouvoir pratiquer le tennis autrement que contre un mur, envie de rencontres, de progr\u00e8s, d&#8217;\u00e9change etc&#8230;<\/p>\n<p>Cette page vous est destin\u00e9e.<\/p>\n<p>Mais attention, ceci n&#8217;est pas un site de rencontre. \u00a0Nous cherchons seulement \u00e0 vous aider \u00e0 pratiquer votre sport favori dans les meilleures conditions.<\/p>\n<p>Donc si vous cherchez, par exemple, un ou une partenaire pour faire un squash, un tennis, si vous ne d\u00e9sirez plus \u00eatre seul dans votre salle de gym etc&#8230; \u00a0Placez une petite annonce avec vos coordonn\u00e9es de contact (votre num\u00e9ro d&#8217;appel n&#8217;est pas obligatoire).<\/p>\n<p>Chaque annonce est soumise \u00e0 mod\u00e9ration donc un peu de temps est n\u00e9cessaire avant sa publication.<\/p>\n<p>Vous \u00eates libre de retirer votre annonce quand vous le souhaitez.<\/p>\n<p>[\/et_pb_text][et_pb_button _builder_version=&#8221;3.0.92&#8243; button_text=&#8221;Les annonces&#8221; button_url=&#8221;#annonces&#8221; url_new_window=&#8221;off&#8221; button_alignment=&#8221;center&#8221; background_layout=&#8221;light&#8221; custom_button=&#8221;on&#8221; button_text_color=&#8221;#920f30&#8243; button_border_color=&#8221;#920f30&#8243; button_icon=&#8221;%%3%%&#8221; button_icon_placement=&#8221;right&#8221; button_text_color_hover=&#8221;#ffffff&#8221; button_bg_color_hover=&#8221;#920f30&#8243; button_border_color_hover=&#8221;#ffffff&#8221; \/][\/et_pb_column_inner][\/et_pb_row_inner][\/et_pb_column][et_pb_column type=&#8221;1_4&#8243;][et_pb_sidebar orientation=&#8221;right&#8221; background_layout=&#8221;light&#8221; _builder_version=&#8221;3.0.92&#8243; area=&#8221;sidebar-1&#8243; show_border=&#8221;on&#8221; header_font=&#8221;|||on|||||&#8221; header_text_color=&#8221;#920f30&#8243; \/][\/et_pb_column][\/et_pb_section][et_pb_section bb_built=&#8221;1&#8243; fullwidth=&#8221;off&#8221; specialty=&#8221;on&#8221;][et_pb_column type=&#8221;3_4&#8243; specialty_columns=&#8221;3&#8243;][et_pb_row_inner admin_label=&#8221;Ligne&#8221;][et_pb_column_inner type=&#8221;4_4&#8243; saved_specialty_column_type=&#8221;3_4&#8243;][et_pb_text _builder_version=&#8221;3.0.92&#8243; background_layout=&#8221;light&#8221;]<\/p>\n<div id=\"annonces\"><\/div>\n<h1>Les annonces<\/h1>\n<p>[\/et_pb_text][et_pb_blog_acme _builder_version=&#8221;3.0.92&#8243; fullwidth=&#8221;off&#8221; include_categories=&#8221;15&#8243; show_thumbnail=&#8221;on&#8221; show_content=&#8221;on&#8221; show_more=&#8221;off&#8221; orderby=&#8221;date&#8221; order=&#8221;on&#8221; show_author=&#8221;on&#8221; show_date=&#8221;on&#8221; show_categories=&#8221;on&#8221; show_comments=&#8221;on&#8221; show_pagination=&#8221;on&#8221; use_overlay=&#8221;off&#8221; background_layout=&#8221;light&#8221; header_font=&#8221;|||on|||||&#8221; header_font_size_tablet=&#8221;51&#8243; header_text_color=&#8221;#920f30&#8243; header_line_height_tablet=&#8221;2&#8243; meta_font_size_tablet=&#8221;51&#8243; meta_line_height_tablet=&#8221;2&#8243; body_font_size_tablet=&#8221;51&#8243; body_line_height_tablet=&#8221;2&#8243; border_width_bottom=&#8221;5px&#8221; border_color_bottom=&#8221;#920f30&#8243; use_dropshadow=&#8221;off&#8221; \/][\/et_pb_column_inner][\/et_pb_row_inner][\/et_pb_column][et_pb_column type=&#8221;1_4&#8243;][\/et_pb_column][\/et_pb_section]<\/p>\n","protected":false},"excerpt":{"rendered":"<p>Ne pratiquez plus seul votre sport favori &nbsp; <div class=\"wpuf-message\">Le formulaire n'est accessible qu'aux utilisateurs enregistr\u00e9s.  Connectez-vous !<\/div> Explications Marre de courir seul, marre de faire du v\u00e9lo et de parler \u00e0 sa roue avant, marre de ne pas pouvoir pratiquer le tennis autrement que contre un mur, envie de rencontres, de progr\u00e8s, d&#8217;\u00e9change etc&#8230; Cette page vous est destin\u00e9e. Mais attention, ceci [&hellip;]<\/p>\n","protected":false},"author":1,"featured_media":0,"parent":0,"menu_order":0,"comment_status":"open","ping_status":"closed","template":"","meta":{"_et_pb_use_builder":"on","_et_pb_old_content":"<p>[wpforo]<\/p>","_et_gb_content_width":"","_mi_skip_tracking":false,"_exactmetrics_sitenote_active":false,"_exactmetrics_sitenote_note":"","_exactmetrics_sitenote_category":0,"footnotes":""},"yoast_head":"<!-- This site is optimized with the Yoast SEO plugin v21.5 - https:\/\/yoast.com\/wordpress\/plugins\/seo\/ -->\n<title>Je recherche - Figez le sport !<\/title>\n<meta name=\"robots\" content=\"index, follow, max-snippet:-1, max-image-preview:large, max-video-preview:-1\" \/>\n<link rel=\"canonical\" href=\"https:\/\/www.liegesport.be\/figezlesport\/recherche\/\" \/>\n<meta property=\"og:locale\" content=\"en_US\" \/>\n<meta property=\"og:type\" content=\"article\" \/>\n<meta property=\"og:title\" content=\"Je recherche - Figez le sport !\" \/>\n<meta property=\"og:description\" content=\"Ne pratiquez plus seul votre sport favori &nbsp; Explications Marre de courir seul, marre de faire du v\u00e9lo et de parler \u00e0 sa roue avant, marre de ne pas pouvoir pratiquer le tennis autrement que contre un mur, envie de rencontres, de progr\u00e8s, d&#039;\u00e9change etc... Cette page vous est destin\u00e9e. Mais attention, ceci [&hellip;]\" \/>\n<meta property=\"og:url\" content=\"https:\/\/www.liegesport.be\/figezlesport\/recherche\/\" \/>\n<meta property=\"og:site_name\" content=\"Figez le sport !\" \/>\n<meta property=\"article:publisher\" content=\"https:\/\/www.facebook.com\/LiegeSport\/\" \/>\n<meta property=\"article:modified_time\" content=\"2018-01-24T15:05:06+00:00\" \/>\n<meta name=\"twitter:card\" content=\"summary_large_image\" \/>\n<meta name=\"twitter:label1\" content=\"Est. reading time\" \/>\n\t<meta name=\"twitter:data1\" content=\"4 minutes\" \/>\n<script type=\"application\/ld+json\" class=\"yoast-schema-graph\">{\"@context\":\"https:\/\/schema.org\",\"@graph\":[{\"@type\":\"WebPage\",\"@id\":\"https:\/\/www.liegesport.be\/figezlesport\/recherche\/\",\"url\":\"https:\/\/www.liegesport.be\/figezlesport\/recherche\/\",\"name\":\"Je recherche - Figez le sport !\",\"isPartOf\":{\"@id\":\"https:\/\/www.liegesport.be\/figezlesport\/#website\"},\"datePublished\":\"2018-01-20T12:16:16+00:00\",\"dateModified\":\"2018-01-24T15:05:06+00:00\",\"breadcrumb\":{\"@id\":\"https:\/\/www.liegesport.be\/figezlesport\/recherche\/#breadcrumb\"},\"inLanguage\":\"en-US\",\"potentialAction\":[{\"@type\":\"ReadAction\",\"target\":[\"https:\/\/www.liegesport.be\/figezlesport\/recherche\/\"]}]},{\"@type\":\"BreadcrumbList\",\"@id\":\"https:\/\/www.liegesport.be\/figezlesport\/recherche\/#breadcrumb\",\"itemListElement\":[{\"@type\":\"ListItem\",\"position\":1,\"name\":\"Home\",\"item\":\"https:\/\/www.liegesport.be\/figezlesport\/\"},{\"@type\":\"ListItem\",\"position\":2,\"name\":\"Je recherche\"}]},{\"@type\":\"WebSite\",\"@id\":\"https:\/\/www.liegesport.be\/figezlesport\/#website\",\"url\":\"https:\/\/www.liegesport.be\/figezlesport\/\",\"name\":\"Figez le sport !\",\"description\":\"Concours photo sur le th\u00e8me du sport\",\"publisher\":{\"@id\":\"https:\/\/www.liegesport.be\/figezlesport\/#organization\"},\"potentialAction\":[{\"@type\":\"SearchAction\",\"target\":{\"@type\":\"EntryPoint\",\"urlTemplate\":\"https:\/\/www.liegesport.be\/figezlesport\/?s={search_term_string}\"},\"query-input\":\"required name=search_term_string\"}],\"inLanguage\":\"en-US\"},{\"@type\":\"Organization\",\"@id\":\"https:\/\/www.liegesport.be\/figezlesport\/#organization\",\"name\":\"Li\u00e8ge Sport Asbl\",\"url\":\"https:\/\/www.liegesport.be\/figezlesport\/\",\"logo\":{\"@type\":\"ImageObject\",\"inLanguage\":\"en-US\",\"@id\":\"https:\/\/www.liegesport.be\/figezlesport\/#\/schema\/logo\/image\/\",\"url\":\"https:\/\/www.liegesport.be\/figezlesport\/wp-content\/uploads\/2018\/05\/logo-liege-sport-color.png\",\"contentUrl\":\"https:\/\/www.liegesport.be\/figezlesport\/wp-content\/uploads\/2018\/05\/logo-liege-sport-color.png\",\"width\":2717,\"height\":1654,\"caption\":\"Li\u00e8ge Sport Asbl\"},\"image\":{\"@id\":\"https:\/\/www.liegesport.be\/figezlesport\/#\/schema\/logo\/image\/\"},\"sameAs\":[\"https:\/\/www.facebook.com\/LiegeSport\/\"]}]}<\/script>\n<!-- \/ Yoast SEO plugin. -->","yoast_head_json":{"title":"Je recherche - Figez le sport !","robots":{"index":"index","follow":"follow","max-snippet":"max-snippet:-1","max-image-preview":"max-image-preview:large","max-video-preview":"max-video-preview:-1"},"canonical":"https:\/\/www.liegesport.be\/figezlesport\/recherche\/","og_locale":"en_US","og_type":"article","og_title":"Je recherche - Figez le sport !","og_description":"Ne pratiquez plus seul votre sport favori &nbsp; Explications Marre de courir seul, marre de faire du v\u00e9lo et de parler \u00e0 sa roue avant, marre de ne pas pouvoir pratiquer le tennis autrement que contre un mur, envie de rencontres, de progr\u00e8s, d'\u00e9change etc... Cette page vous est destin\u00e9e. Mais attention, ceci [&hellip;]","og_url":"https:\/\/www.liegesport.be\/figezlesport\/recherche\/","og_site_name":"Figez le sport !","article_publisher":"https:\/\/www.facebook.com\/LiegeSport\/","article_modified_time":"2018-01-24T15:05:06+00:00","twitter_card":"summary_large_image","twitter_misc":{"Est. reading time":"4 minutes"},"schema":{"@context":"https:\/\/schema.org","@graph":[{"@type":"WebPage","@id":"https:\/\/www.liegesport.be\/figezlesport\/recherche\/","url":"https:\/\/www.liegesport.be\/figezlesport\/recherche\/","name":"Je recherche - Figez le sport !","isPartOf":{"@id":"https:\/\/www.liegesport.be\/figezlesport\/#website"},"datePublished":"2018-01-20T12:16:16+00:00","dateModified":"2018-01-24T15:05:06+00:00","breadcrumb":{"@id":"https:\/\/www.liegesport.be\/figezlesport\/recherche\/#breadcrumb"},"inLanguage":"en-US","potentialAction":[{"@type":"ReadAction","target":["https:\/\/www.liegesport.be\/figezlesport\/recherche\/"]}]},{"@type":"BreadcrumbList","@id":"https:\/\/www.liegesport.be\/figezlesport\/recherche\/#breadcrumb","itemListElement":[{"@type":"ListItem","position":1,"name":"Home","item":"https:\/\/www.liegesport.be\/figezlesport\/"},{"@type":"ListItem","position":2,"name":"Je recherche"}]},{"@type":"WebSite","@id":"https:\/\/www.liegesport.be\/figezlesport\/#website","url":"https:\/\/www.liegesport.be\/figezlesport\/","name":"Figez le sport !","description":"Concours photo sur le th\u00e8me du sport","publisher":{"@id":"https:\/\/www.liegesport.be\/figezlesport\/#organization"},"potentialAction":[{"@type":"SearchAction","target":{"@type":"EntryPoint","urlTemplate":"https:\/\/www.liegesport.be\/figezlesport\/?s={search_term_string}"},"query-input":"required name=search_term_string"}],"inLanguage":"en-US"},{"@type":"Organization","@id":"https:\/\/www.liegesport.be\/figezlesport\/#organization","name":"Li\u00e8ge Sport Asbl","url":"https:\/\/www.liegesport.be\/figezlesport\/","logo":{"@type":"ImageObject","inLanguage":"en-US","@id":"https:\/\/www.liegesport.be\/figezlesport\/#\/schema\/logo\/image\/","url":"https:\/\/www.liegesport.be\/figezlesport\/wp-content\/uploads\/2018\/05\/logo-liege-sport-color.png","contentUrl":"https:\/\/www.liegesport.be\/figezlesport\/wp-content\/uploads\/2018\/05\/logo-liege-sport-color.png","width":2717,"height":1654,"caption":"Li\u00e8ge Sport Asbl"},"image":{"@id":"https:\/\/www.liegesport.be\/figezlesport\/#\/schema\/logo\/image\/"},"sameAs":["https:\/\/www.facebook.com\/LiegeSport\/"]}]}},"_links":{"self":[{"href":"https:\/\/www.liegesport.be\/figezlesport\/wp-json\/wp\/v2\/pages\/3616"}],"collection":[{"href":"https:\/\/www.liegesport.be\/figezlesport\/wp-json\/wp\/v2\/pages"}],"about":[{"href":"https:\/\/www.liegesport.be\/figezlesport\/wp-json\/wp\/v2\/types\/page"}],"author":[{"embeddable":true,"href":"https:\/\/www.liegesport.be\/figezlesport\/wp-json\/wp\/v2\/users\/1"}],"replies":[{"embeddable":true,"href":"https:\/\/www.liegesport.be\/figezlesport\/wp-json\/wp\/v2\/comments?post=3616"}],"version-history":[{"count":5,"href":"https:\/\/www.liegesport.be\/figezlesport\/wp-json\/wp\/v2\/pages\/3616\/revisions"}],"predecessor-version":[{"id":204253,"href":"https:\/\/www.liegesport.be\/figezlesport\/wp-json\/wp\/v2\/pages\/3616\/revisions\/204253"}],"wp:attachment":[{"href":"https:\/\/www.liegesport.be\/figezlesport\/wp-json\/wp\/v2\/media?parent=3616"}],"curies":[{"name":"wp","href":"https:\/\/api.w.org\/{rel}","templated":true}]}}